{"id":7691,"date":"2023-04-13T11:38:45","date_gmt":"2023-04-13T11:38:45","guid":{"rendered":"https:\/\/silmonde.pt\/product\/bola-de-natal-nome-recortado-c-fundo\/"},"modified":"2023-05-09T11:18:31","modified_gmt":"2023-05-09T11:18:31","slug":"bola-de-natal-nome-recortado-c-fundo","status":"publish","type":"product","link":"https:\/\/silmonde.pt\/es\/producto\/bola-de-natal-nome-recortado-c-fundo\/","title":{"rendered":"Bola de Navidad &#8211; Nombre con Fondo"},"content":{"rendered":"","protected":false},"excerpt":{"rendered":"","protected":false},"featured_media":7501,"template":"","meta":[],"product_cat":[204],"product_tag":[],"class_list":["post-7691","product","type-product","status-publish","has-post-thumbnail","hentry","product_cat-navidad","wcpa_has_options"],"acf":[],"yoast_head":"<!-- This site is optimized with the Yoast SEO plugin v24.3 - https:\/\/yoast.com\/wordpress\/plugins\/seo\/ -->\n<title>Bola de Navidad - Nombre con Fondo - Silmonde - Serigraf\u00eda y Publicidad en Povoa\u00e7\u00e3o, Azores<\/title>\n<meta name=\"robots\" content=\"index, follow, max-snippet:-1, max-image-preview:large, max-video-preview:-1\" \/>\n<link rel=\"canonical\" href=\"https:\/\/silmonde.pt\/es\/producto\/bola-de-natal-nome-recortado-c-fundo\/\" \/>\n<meta property=\"og:locale\" content=\"es_ES\" \/>\n<meta property=\"og:type\" content=\"article\" \/>\n<meta property=\"og:title\" content=\"Bola de Navidad - Nombre con Fondo - Silmonde - Serigraf\u00eda y Publicidad en Povoa\u00e7\u00e3o, Azores\" \/>\n<meta property=\"og:url\" content=\"https:\/\/silmonde.pt\/es\/producto\/bola-de-natal-nome-recortado-c-fundo\/\" \/>\n<meta property=\"og:site_name\" content=\"Silmonde - Serigraf\u00eda y Publicidad en Povoa\u00e7\u00e3o, Azores\" \/>\n<meta property=\"article:modified_time\" content=\"2023-05-09T11:18:31+00:00\" \/>\n<meta property=\"og:image\" content=\"https:\/\/silmonde.pt\/wp-content\/uploads\/2023\/04\/Silmonde_Prod-10-scaled.jpg\" \/>\n\t<meta property=\"og:image:width\" content=\"2560\" \/>\n\t<meta property=\"og:image:height\" content=\"1707\" \/>\n\t<meta property=\"og:image:type\" content=\"image\/jpeg\" \/>\n<meta name=\"twitter:card\" content=\"summary_large_image\" \/>\n<script type=\"application\/ld+json\" class=\"yoast-schema-graph\">{\"@context\":\"https:\/\/schema.org\",\"@graph\":[{\"@type\":\"WebPage\",\"@id\":\"https:\/\/silmonde.pt\/es\/producto\/bola-de-natal-nome-recortado-c-fundo\/\",\"url\":\"https:\/\/silmonde.pt\/es\/producto\/bola-de-natal-nome-recortado-c-fundo\/\",\"name\":\"Bola de Navidad - Nombre con Fondo - Silmonde - Serigraf\u00eda y Publicidad en Povoa\u00e7\u00e3o, Azores\",\"isPartOf\":{\"@id\":\"https:\/\/silmonde.pt\/#website\"},\"primaryImageOfPage\":{\"@id\":\"https:\/\/silmonde.pt\/es\/producto\/bola-de-natal-nome-recortado-c-fundo\/#primaryimage\"},\"image\":{\"@id\":\"https:\/\/silmonde.pt\/es\/producto\/bola-de-natal-nome-recortado-c-fundo\/#primaryimage\"},\"thumbnailUrl\":\"https:\/\/silmonde.pt\/wp-content\/uploads\/2023\/04\/Silmonde_Prod-10-scaled.jpg\",\"datePublished\":\"2023-04-13T11:38:45+00:00\",\"dateModified\":\"2023-05-09T11:18:31+00:00\",\"breadcrumb\":{\"@id\":\"https:\/\/silmonde.pt\/es\/producto\/bola-de-natal-nome-recortado-c-fundo\/#breadcrumb\"},\"inLanguage\":\"es\",\"potentialAction\":[{\"@type\":\"ReadAction\",\"target\":[\"https:\/\/silmonde.pt\/es\/producto\/bola-de-natal-nome-recortado-c-fundo\/\"]}]},{\"@type\":\"ImageObject\",\"inLanguage\":\"es\",\"@id\":\"https:\/\/silmonde.pt\/es\/producto\/bola-de-natal-nome-recortado-c-fundo\/#primaryimage\",\"url\":\"https:\/\/silmonde.pt\/wp-content\/uploads\/2023\/04\/Silmonde_Prod-10-scaled.jpg\",\"contentUrl\":\"https:\/\/silmonde.pt\/wp-content\/uploads\/2023\/04\/Silmonde_Prod-10-scaled.jpg\",\"width\":2560,\"height\":1707},{\"@type\":\"BreadcrumbList\",\"@id\":\"https:\/\/silmonde.pt\/es\/producto\/bola-de-natal-nome-recortado-c-fundo\/#breadcrumb\",\"itemListElement\":[{\"@type\":\"ListItem\",\"position\":1,\"name\":\"In\u00edcio\",\"item\":\"https:\/\/silmonde.pt\/es\/\"},{\"@type\":\"ListItem\",\"position\":2,\"name\":\"Tienda\",\"item\":\"https:\/\/silmonde.pt\/es\/tienda\/\"},{\"@type\":\"ListItem\",\"position\":3,\"name\":\"Bola de Navidad &#8211; Nombre con Fondo\"}]},{\"@type\":\"WebSite\",\"@id\":\"https:\/\/silmonde.pt\/#website\",\"url\":\"https:\/\/silmonde.pt\/\",\"name\":\"Silmonde - Serigraf\u00eda y Publicidad en Povoa\u00e7\u00e3o, Azores\",\"description\":\"\",\"publisher\":{\"@id\":\"https:\/\/silmonde.pt\/#organization\"},\"potentialAction\":[{\"@type\":\"SearchAction\",\"target\":{\"@type\":\"EntryPoint\",\"urlTemplate\":\"https:\/\/silmonde.pt\/?s={search_term_string}\"},\"query-input\":{\"@type\":\"PropertyValueSpecification\",\"valueRequired\":true,\"valueName\":\"search_term_string\"}}],\"inLanguage\":\"es\"},{\"@type\":\"Organization\",\"@id\":\"https:\/\/silmonde.pt\/#organization\",\"name\":\"Silmonde - Serigraf\u00eda y Publicidad en Povoa\u00e7\u00e3o, Azores\",\"url\":\"https:\/\/silmonde.pt\/\",\"logo\":{\"@type\":\"ImageObject\",\"inLanguage\":\"es\",\"@id\":\"https:\/\/silmonde.pt\/#\/schema\/logo\/image\/\",\"url\":\"https:\/\/silmonde.pt\/wp-content\/uploads\/2023\/01\/logo-silmonde_1.png\",\"contentUrl\":\"https:\/\/silmonde.pt\/wp-content\/uploads\/2023\/01\/logo-silmonde_1.png\",\"width\":2108,\"height\":1342,\"caption\":\"Silmonde - Serigraf\u00eda y Publicidad en Povoa\u00e7\u00e3o, Azores\"},\"image\":{\"@id\":\"https:\/\/silmonde.pt\/#\/schema\/logo\/image\/\"}}]}<\/script>\n<!-- \/ Yoast SEO plugin. -->","yoast_head_json":{"title":"Bola de Navidad - Nombre con Fondo - Silmonde - Serigraf\u00eda y Publicidad en Povoa\u00e7\u00e3o, Azores","robots":{"index":"index","follow":"follow","max-snippet":"max-snippet:-1","max-image-preview":"max-image-preview:large","max-video-preview":"max-video-preview:-1"},"canonical":"https:\/\/silmonde.pt\/es\/producto\/bola-de-natal-nome-recortado-c-fundo\/","og_locale":"es_ES","og_type":"article","og_title":"Bola de Navidad - Nombre con Fondo - Silmonde - Serigraf\u00eda y Publicidad en Povoa\u00e7\u00e3o, Azores","og_url":"https:\/\/silmonde.pt\/es\/producto\/bola-de-natal-nome-recortado-c-fundo\/","og_site_name":"Silmonde - Serigraf\u00eda y Publicidad en Povoa\u00e7\u00e3o, Azores","article_modified_time":"2023-05-09T11:18:31+00:00","og_image":[{"width":2560,"height":1707,"url":"https:\/\/silmonde.pt\/wp-content\/uploads\/2023\/04\/Silmonde_Prod-10-scaled.jpg","type":"image\/jpeg"}],"twitter_card":"summary_large_image","schema":{"@context":"https:\/\/schema.org","@graph":[{"@type":"WebPage","@id":"https:\/\/silmonde.pt\/es\/producto\/bola-de-natal-nome-recortado-c-fundo\/","url":"https:\/\/silmonde.pt\/es\/producto\/bola-de-natal-nome-recortado-c-fundo\/","name":"Bola de Navidad - Nombre con Fondo - Silmonde - Serigraf\u00eda y Publicidad en Povoa\u00e7\u00e3o, Azores","isPartOf":{"@id":"https:\/\/silmonde.pt\/#website"},"primaryImageOfPage":{"@id":"https:\/\/silmonde.pt\/es\/producto\/bola-de-natal-nome-recortado-c-fundo\/#primaryimage"},"image":{"@id":"https:\/\/silmonde.pt\/es\/producto\/bola-de-natal-nome-recortado-c-fundo\/#primaryimage"},"thumbnailUrl":"https:\/\/silmonde.pt\/wp-content\/uploads\/2023\/04\/Silmonde_Prod-10-scaled.jpg","datePublished":"2023-04-13T11:38:45+00:00","dateModified":"2023-05-09T11:18:31+00:00","breadcrumb":{"@id":"https:\/\/silmonde.pt\/es\/producto\/bola-de-natal-nome-recortado-c-fundo\/#breadcrumb"},"inLanguage":"es","potentialAction":[{"@type":"ReadAction","target":["https:\/\/silmonde.pt\/es\/producto\/bola-de-natal-nome-recortado-c-fundo\/"]}]},{"@type":"ImageObject","inLanguage":"es","@id":"https:\/\/silmonde.pt\/es\/producto\/bola-de-natal-nome-recortado-c-fundo\/#primaryimage","url":"https:\/\/silmonde.pt\/wp-content\/uploads\/2023\/04\/Silmonde_Prod-10-scaled.jpg","contentUrl":"https:\/\/silmonde.pt\/wp-content\/uploads\/2023\/04\/Silmonde_Prod-10-scaled.jpg","width":2560,"height":1707},{"@type":"BreadcrumbList","@id":"https:\/\/silmonde.pt\/es\/producto\/bola-de-natal-nome-recortado-c-fundo\/#breadcrumb","itemListElement":[{"@type":"ListItem","position":1,"name":"In\u00edcio","item":"https:\/\/silmonde.pt\/es\/"},{"@type":"ListItem","position":2,"name":"Tienda","item":"https:\/\/silmonde.pt\/es\/tienda\/"},{"@type":"ListItem","position":3,"name":"Bola de Navidad &#8211; Nombre con Fondo"}]},{"@type":"WebSite","@id":"https:\/\/silmonde.pt\/#website","url":"https:\/\/silmonde.pt\/","name":"Silmonde - Serigraf\u00eda y Publicidad en Povoa\u00e7\u00e3o, Azores","description":"","publisher":{"@id":"https:\/\/silmonde.pt\/#organization"},"potentialAction":[{"@type":"SearchAction","target":{"@type":"EntryPoint","urlTemplate":"https:\/\/silmonde.pt\/?s={search_term_string}"},"query-input":{"@type":"PropertyValueSpecification","valueRequired":true,"valueName":"search_term_string"}}],"inLanguage":"es"},{"@type":"Organization","@id":"https:\/\/silmonde.pt\/#organization","name":"Silmonde - Serigraf\u00eda y Publicidad en Povoa\u00e7\u00e3o, Azores","url":"https:\/\/silmonde.pt\/","logo":{"@type":"ImageObject","inLanguage":"es","@id":"https:\/\/silmonde.pt\/#\/schema\/logo\/image\/","url":"https:\/\/silmonde.pt\/wp-content\/uploads\/2023\/01\/logo-silmonde_1.png","contentUrl":"https:\/\/silmonde.pt\/wp-content\/uploads\/2023\/01\/logo-silmonde_1.png","width":2108,"height":1342,"caption":"Silmonde - Serigraf\u00eda y Publicidad en Povoa\u00e7\u00e3o, Azores"},"image":{"@id":"https:\/\/silmonde.pt\/#\/schema\/logo\/image\/"}}]}},"wcpa_form_fields":null,"_links":{"self":[{"href":"https:\/\/silmonde.pt\/es\/wp-json\/wp\/v2\/product\/7691","targetHints":{"allow":["GET"]}}],"collection":[{"href":"https:\/\/silmonde.pt\/es\/wp-json\/wp\/v2\/product"}],"about":[{"href":"https:\/\/silmonde.pt\/es\/wp-json\/wp\/v2\/types\/product"}],"wp:featuredmedia":[{"embeddable":true,"href":"https:\/\/silmonde.pt\/es\/wp-json\/wp\/v2\/media\/7501"}],"wp:attachment":[{"href":"https:\/\/silmonde.pt\/es\/wp-json\/wp\/v2\/media?parent=7691"}],"wp:term":[{"taxonomy":"product_cat","embeddable":true,"href":"https:\/\/silmonde.pt\/es\/wp-json\/wp\/v2\/product_cat?post=7691"},{"taxonomy":"product_tag","embeddable":true,"href":"https:\/\/silmonde.pt\/es\/wp-json\/wp\/v2\/product_tag?post=7691"}],"curies":[{"name":"wp","href":"https:\/\/api.w.org\/{rel}","templated":true}]}}