{"id":8375,"date":"2023-05-10T12:17:32","date_gmt":"2023-05-10T12:17:32","guid":{"rendered":"https:\/\/silmonde.pt\/product\/t-shirt-melhor-mae\/"},"modified":"2023-05-10T12:20:17","modified_gmt":"2023-05-10T12:20:17","slug":"t-shirt-melhor-mae","status":"publish","type":"product","link":"https:\/\/silmonde.pt\/es\/producto\/t-shirt-melhor-mae\/","title":{"rendered":"T-Shirt Mejor Mam\u00e1"},"content":{"rendered":"","protected":false},"excerpt":{"rendered":"","protected":false},"featured_media":7865,"template":"","meta":[],"product_cat":[210],"product_tag":[],"class_list":["post-8375","product","type-product","status-publish","has-post-thumbnail","hentry","product_cat-camisetas"],"acf":[],"yoast_head":"<!-- This site is optimized with the Yoast SEO plugin v24.3 - https:\/\/yoast.com\/wordpress\/plugins\/seo\/ -->\n<title>T-Shirt Mejor Mam\u00e1 - Silmonde - Serigraf\u00eda y Publicidad en Povoa\u00e7\u00e3o, Azores<\/title>\n<meta name=\"robots\" content=\"index, follow, max-snippet:-1, max-image-preview:large, max-video-preview:-1\" \/>\n<link rel=\"canonical\" href=\"https:\/\/silmonde.pt\/es\/producto\/t-shirt-melhor-mae\/\" \/>\n<meta property=\"og:locale\" content=\"es_ES\" \/>\n<meta property=\"og:type\" content=\"article\" \/>\n<meta property=\"og:title\" content=\"T-Shirt Mejor Mam\u00e1 - Silmonde - Serigraf\u00eda y Publicidad en Povoa\u00e7\u00e3o, Azores\" \/>\n<meta property=\"og:url\" content=\"https:\/\/silmonde.pt\/es\/producto\/t-shirt-melhor-mae\/\" \/>\n<meta property=\"og:site_name\" content=\"Silmonde - Serigraf\u00eda y Publicidad en Povoa\u00e7\u00e3o, Azores\" \/>\n<meta property=\"article:modified_time\" content=\"2023-05-10T12:20:17+00:00\" \/>\n<meta property=\"og:image\" content=\"https:\/\/silmonde.pt\/wp-content\/uploads\/2023\/05\/t14-1024x683.png\" \/>\n\t<meta property=\"og:image:width\" content=\"1024\" \/>\n\t<meta property=\"og:image:height\" content=\"683\" \/>\n\t<meta property=\"og:image:type\" content=\"image\/png\" \/>\n<meta name=\"twitter:card\" content=\"summary_large_image\" \/>\n<script type=\"application\/ld+json\" class=\"yoast-schema-graph\">{\"@context\":\"https:\/\/schema.org\",\"@graph\":[{\"@type\":\"WebPage\",\"@id\":\"https:\/\/silmonde.pt\/es\/producto\/t-shirt-melhor-mae\/\",\"url\":\"https:\/\/silmonde.pt\/es\/producto\/t-shirt-melhor-mae\/\",\"name\":\"T-Shirt Mejor Mam\u00e1 - Silmonde - Serigraf\u00eda y Publicidad en Povoa\u00e7\u00e3o, Azores\",\"isPartOf\":{\"@id\":\"https:\/\/silmonde.pt\/#website\"},\"primaryImageOfPage\":{\"@id\":\"https:\/\/silmonde.pt\/es\/producto\/t-shirt-melhor-mae\/#primaryimage\"},\"image\":{\"@id\":\"https:\/\/silmonde.pt\/es\/producto\/t-shirt-melhor-mae\/#primaryimage\"},\"thumbnailUrl\":\"https:\/\/silmonde.pt\/wp-content\/uploads\/2023\/05\/t14.png\",\"datePublished\":\"2023-05-10T12:17:32+00:00\",\"dateModified\":\"2023-05-10T12:20:17+00:00\",\"breadcrumb\":{\"@id\":\"https:\/\/silmonde.pt\/es\/producto\/t-shirt-melhor-mae\/#breadcrumb\"},\"inLanguage\":\"es\",\"potentialAction\":[{\"@type\":\"ReadAction\",\"target\":[\"https:\/\/silmonde.pt\/es\/producto\/t-shirt-melhor-mae\/\"]}]},{\"@type\":\"ImageObject\",\"inLanguage\":\"es\",\"@id\":\"https:\/\/silmonde.pt\/es\/producto\/t-shirt-melhor-mae\/#primaryimage\",\"url\":\"https:\/\/silmonde.pt\/wp-content\/uploads\/2023\/05\/t14.png\",\"contentUrl\":\"https:\/\/silmonde.pt\/wp-content\/uploads\/2023\/05\/t14.png\",\"width\":4500,\"height\":3000},{\"@type\":\"BreadcrumbList\",\"@id\":\"https:\/\/silmonde.pt\/es\/producto\/t-shirt-melhor-mae\/#breadcrumb\",\"itemListElement\":[{\"@type\":\"ListItem\",\"position\":1,\"name\":\"In\u00edcio\",\"item\":\"https:\/\/silmonde.pt\/es\/\"},{\"@type\":\"ListItem\",\"position\":2,\"name\":\"Tienda\",\"item\":\"https:\/\/silmonde.pt\/es\/tienda\/\"},{\"@type\":\"ListItem\",\"position\":3,\"name\":\"T-Shirt Mejor Mam\u00e1\"}]},{\"@type\":\"WebSite\",\"@id\":\"https:\/\/silmonde.pt\/#website\",\"url\":\"https:\/\/silmonde.pt\/\",\"name\":\"Silmonde - Serigraf\u00eda y Publicidad en Povoa\u00e7\u00e3o, Azores\",\"description\":\"\",\"publisher\":{\"@id\":\"https:\/\/silmonde.pt\/#organization\"},\"potentialAction\":[{\"@type\":\"SearchAction\",\"target\":{\"@type\":\"EntryPoint\",\"urlTemplate\":\"https:\/\/silmonde.pt\/?s={search_term_string}\"},\"query-input\":{\"@type\":\"PropertyValueSpecification\",\"valueRequired\":true,\"valueName\":\"search_term_string\"}}],\"inLanguage\":\"es\"},{\"@type\":\"Organization\",\"@id\":\"https:\/\/silmonde.pt\/#organization\",\"name\":\"Silmonde - Serigraf\u00eda y Publicidad en Povoa\u00e7\u00e3o, Azores\",\"url\":\"https:\/\/silmonde.pt\/\",\"logo\":{\"@type\":\"ImageObject\",\"inLanguage\":\"es\",\"@id\":\"https:\/\/silmonde.pt\/#\/schema\/logo\/image\/\",\"url\":\"https:\/\/silmonde.pt\/wp-content\/uploads\/2023\/01\/logo-silmonde_1.png\",\"contentUrl\":\"https:\/\/silmonde.pt\/wp-content\/uploads\/2023\/01\/logo-silmonde_1.png\",\"width\":2108,\"height\":1342,\"caption\":\"Silmonde - Serigraf\u00eda y Publicidad en Povoa\u00e7\u00e3o, Azores\"},\"image\":{\"@id\":\"https:\/\/silmonde.pt\/#\/schema\/logo\/image\/\"}}]}<\/script>\n<!-- \/ Yoast SEO plugin. -->","yoast_head_json":{"title":"T-Shirt Mejor Mam\u00e1 - Silmonde - Serigraf\u00eda y Publicidad en Povoa\u00e7\u00e3o, Azores","robots":{"index":"index","follow":"follow","max-snippet":"max-snippet:-1","max-image-preview":"max-image-preview:large","max-video-preview":"max-video-preview:-1"},"canonical":"https:\/\/silmonde.pt\/es\/producto\/t-shirt-melhor-mae\/","og_locale":"es_ES","og_type":"article","og_title":"T-Shirt Mejor Mam\u00e1 - Silmonde - Serigraf\u00eda y Publicidad en Povoa\u00e7\u00e3o, Azores","og_url":"https:\/\/silmonde.pt\/es\/producto\/t-shirt-melhor-mae\/","og_site_name":"Silmonde - Serigraf\u00eda y Publicidad en Povoa\u00e7\u00e3o, Azores","article_modified_time":"2023-05-10T12:20:17+00:00","og_image":[{"width":1024,"height":683,"url":"https:\/\/silmonde.pt\/wp-content\/uploads\/2023\/05\/t14-1024x683.png","type":"image\/png"}],"twitter_card":"summary_large_image","schema":{"@context":"https:\/\/schema.org","@graph":[{"@type":"WebPage","@id":"https:\/\/silmonde.pt\/es\/producto\/t-shirt-melhor-mae\/","url":"https:\/\/silmonde.pt\/es\/producto\/t-shirt-melhor-mae\/","name":"T-Shirt Mejor Mam\u00e1 - Silmonde - Serigraf\u00eda y Publicidad en Povoa\u00e7\u00e3o, Azores","isPartOf":{"@id":"https:\/\/silmonde.pt\/#website"},"primaryImageOfPage":{"@id":"https:\/\/silmonde.pt\/es\/producto\/t-shirt-melhor-mae\/#primaryimage"},"image":{"@id":"https:\/\/silmonde.pt\/es\/producto\/t-shirt-melhor-mae\/#primaryimage"},"thumbnailUrl":"https:\/\/silmonde.pt\/wp-content\/uploads\/2023\/05\/t14.png","datePublished":"2023-05-10T12:17:32+00:00","dateModified":"2023-05-10T12:20:17+00:00","breadcrumb":{"@id":"https:\/\/silmonde.pt\/es\/producto\/t-shirt-melhor-mae\/#breadcrumb"},"inLanguage":"es","potentialAction":[{"@type":"ReadAction","target":["https:\/\/silmonde.pt\/es\/producto\/t-shirt-melhor-mae\/"]}]},{"@type":"ImageObject","inLanguage":"es","@id":"https:\/\/silmonde.pt\/es\/producto\/t-shirt-melhor-mae\/#primaryimage","url":"https:\/\/silmonde.pt\/wp-content\/uploads\/2023\/05\/t14.png","contentUrl":"https:\/\/silmonde.pt\/wp-content\/uploads\/2023\/05\/t14.png","width":4500,"height":3000},{"@type":"BreadcrumbList","@id":"https:\/\/silmonde.pt\/es\/producto\/t-shirt-melhor-mae\/#breadcrumb","itemListElement":[{"@type":"ListItem","position":1,"name":"In\u00edcio","item":"https:\/\/silmonde.pt\/es\/"},{"@type":"ListItem","position":2,"name":"Tienda","item":"https:\/\/silmonde.pt\/es\/tienda\/"},{"@type":"ListItem","position":3,"name":"T-Shirt Mejor Mam\u00e1"}]},{"@type":"WebSite","@id":"https:\/\/silmonde.pt\/#website","url":"https:\/\/silmonde.pt\/","name":"Silmonde - Serigraf\u00eda y Publicidad en Povoa\u00e7\u00e3o, Azores","description":"","publisher":{"@id":"https:\/\/silmonde.pt\/#organization"},"potentialAction":[{"@type":"SearchAction","target":{"@type":"EntryPoint","urlTemplate":"https:\/\/silmonde.pt\/?s={search_term_string}"},"query-input":{"@type":"PropertyValueSpecification","valueRequired":true,"valueName":"search_term_string"}}],"inLanguage":"es"},{"@type":"Organization","@id":"https:\/\/silmonde.pt\/#organization","name":"Silmonde - Serigraf\u00eda y Publicidad en Povoa\u00e7\u00e3o, Azores","url":"https:\/\/silmonde.pt\/","logo":{"@type":"ImageObject","inLanguage":"es","@id":"https:\/\/silmonde.pt\/#\/schema\/logo\/image\/","url":"https:\/\/silmonde.pt\/wp-content\/uploads\/2023\/01\/logo-silmonde_1.png","contentUrl":"https:\/\/silmonde.pt\/wp-content\/uploads\/2023\/01\/logo-silmonde_1.png","width":2108,"height":1342,"caption":"Silmonde - Serigraf\u00eda y Publicidad en Povoa\u00e7\u00e3o, Azores"},"image":{"@id":"https:\/\/silmonde.pt\/#\/schema\/logo\/image\/"}}]}},"wcpa_form_fields":null,"_links":{"self":[{"href":"https:\/\/silmonde.pt\/es\/wp-json\/wp\/v2\/product\/8375","targetHints":{"allow":["GET"]}}],"collection":[{"href":"https:\/\/silmonde.pt\/es\/wp-json\/wp\/v2\/product"}],"about":[{"href":"https:\/\/silmonde.pt\/es\/wp-json\/wp\/v2\/types\/product"}],"wp:featuredmedia":[{"embeddable":true,"href":"https:\/\/silmonde.pt\/es\/wp-json\/wp\/v2\/media\/7865"}],"wp:attachment":[{"href":"https:\/\/silmonde.pt\/es\/wp-json\/wp\/v2\/media?parent=8375"}],"wp:term":[{"taxonomy":"product_cat","embeddable":true,"href":"https:\/\/silmonde.pt\/es\/wp-json\/wp\/v2\/product_cat?post=8375"},{"taxonomy":"product_tag","embeddable":true,"href":"https:\/\/silmonde.pt\/es\/wp-json\/wp\/v2\/product_tag?post=8375"}],"curies":[{"name":"wp","href":"https:\/\/api.w.org\/{rel}","templated":true}]}}