{"id":7727,"date":"2023-04-13T12:01:08","date_gmt":"2023-04-13T12:01:08","guid":{"rendered":"https:\/\/silmonde.pt\/product\/estrela-dia-da-mae\/"},"modified":"2023-05-09T11:28:13","modified_gmt":"2023-05-09T11:28:13","slug":"estrela-dia-da-mae","status":"publish","type":"product","link":"https:\/\/silmonde.pt\/fr\/produit\/estrela-dia-da-mae\/","title":{"rendered":"\u00c9toile de la F\u00eate des M\u00e8res"},"content":{"rendered":"","protected":false},"excerpt":{"rendered":"","protected":false},"featured_media":7480,"template":"","meta":[],"product_cat":[194],"product_tag":[],"class_list":["post-7727","product","type-product","status-publish","has-post-thumbnail","hentry","product_cat-fete-des-meres"],"acf":[],"yoast_head":"<!-- This site is optimized with the Yoast SEO plugin v24.3 - https:\/\/yoast.com\/wordpress\/plugins\/seo\/ -->\n<title>\u00c9toile de la F\u00eate des M\u00e8res - Silmonde - S\u00e9rigraphie et publicit\u00e9 \u00e0 Povoa\u00e7\u00e3o, A\u00e7ores<\/title>\n<meta name=\"robots\" content=\"index, follow, max-snippet:-1, max-image-preview:large, max-video-preview:-1\" \/>\n<link rel=\"canonical\" href=\"https:\/\/silmonde.pt\/fr\/produit\/estrela-dia-da-mae\/\" \/>\n<meta property=\"og:locale\" content=\"fr_FR\" \/>\n<meta property=\"og:type\" content=\"article\" \/>\n<meta property=\"og:title\" content=\"\u00c9toile de la F\u00eate des M\u00e8res - Silmonde - S\u00e9rigraphie et publicit\u00e9 \u00e0 Povoa\u00e7\u00e3o, A\u00e7ores\" \/>\n<meta property=\"og:url\" content=\"https:\/\/silmonde.pt\/fr\/produit\/estrela-dia-da-mae\/\" \/>\n<meta property=\"og:site_name\" content=\"Silmonde - S\u00e9rigraphie et publicit\u00e9 \u00e0 Povoa\u00e7\u00e3o, A\u00e7ores\" \/>\n<meta property=\"article:modified_time\" content=\"2023-05-09T11:28:13+00:00\" \/>\n<meta property=\"og:image\" content=\"https:\/\/silmonde.pt\/wp-content\/uploads\/2023\/04\/Silmonde_Prod-5-scaled.jpg\" \/>\n\t<meta property=\"og:image:width\" content=\"2560\" \/>\n\t<meta property=\"og:image:height\" content=\"1707\" \/>\n\t<meta property=\"og:image:type\" content=\"image\/jpeg\" \/>\n<meta name=\"twitter:card\" content=\"summary_large_image\" \/>\n<script type=\"application\/ld+json\" class=\"yoast-schema-graph\">{\"@context\":\"https:\/\/schema.org\",\"@graph\":[{\"@type\":\"WebPage\",\"@id\":\"https:\/\/silmonde.pt\/fr\/produit\/estrela-dia-da-mae\/\",\"url\":\"https:\/\/silmonde.pt\/fr\/produit\/estrela-dia-da-mae\/\",\"name\":\"\u00c9toile de la F\u00eate des M\u00e8res - Silmonde - S\u00e9rigraphie et publicit\u00e9 \u00e0 Povoa\u00e7\u00e3o, A\u00e7ores\",\"isPartOf\":{\"@id\":\"https:\/\/silmonde.pt\/#website\"},\"primaryImageOfPage\":{\"@id\":\"https:\/\/silmonde.pt\/fr\/produit\/estrela-dia-da-mae\/#primaryimage\"},\"image\":{\"@id\":\"https:\/\/silmonde.pt\/fr\/produit\/estrela-dia-da-mae\/#primaryimage\"},\"thumbnailUrl\":\"https:\/\/silmonde.pt\/wp-content\/uploads\/2023\/04\/Silmonde_Prod-5-scaled.jpg\",\"datePublished\":\"2023-04-13T12:01:08+00:00\",\"dateModified\":\"2023-05-09T11:28:13+00:00\",\"breadcrumb\":{\"@id\":\"https:\/\/silmonde.pt\/fr\/produit\/estrela-dia-da-mae\/#breadcrumb\"},\"inLanguage\":\"fr-FR\",\"potentialAction\":[{\"@type\":\"ReadAction\",\"target\":[\"https:\/\/silmonde.pt\/fr\/produit\/estrela-dia-da-mae\/\"]}]},{\"@type\":\"ImageObject\",\"inLanguage\":\"fr-FR\",\"@id\":\"https:\/\/silmonde.pt\/fr\/produit\/estrela-dia-da-mae\/#primaryimage\",\"url\":\"https:\/\/silmonde.pt\/wp-content\/uploads\/2023\/04\/Silmonde_Prod-5-scaled.jpg\",\"contentUrl\":\"https:\/\/silmonde.pt\/wp-content\/uploads\/2023\/04\/Silmonde_Prod-5-scaled.jpg\",\"width\":2560,\"height\":1707},{\"@type\":\"BreadcrumbList\",\"@id\":\"https:\/\/silmonde.pt\/fr\/produit\/estrela-dia-da-mae\/#breadcrumb\",\"itemListElement\":[{\"@type\":\"ListItem\",\"position\":1,\"name\":\"In\u00edcio\",\"item\":\"https:\/\/silmonde.pt\/fr\/\"},{\"@type\":\"ListItem\",\"position\":2,\"name\":\"Boutique\",\"item\":\"https:\/\/silmonde.pt\/fr\/boutique\/\"},{\"@type\":\"ListItem\",\"position\":3,\"name\":\"\u00c9toile de la F\u00eate des M\u00e8res\"}]},{\"@type\":\"WebSite\",\"@id\":\"https:\/\/silmonde.pt\/#website\",\"url\":\"https:\/\/silmonde.pt\/\",\"name\":\"Silmonde - S\u00e9rigraphie et publicit\u00e9 \u00e0 Povoa\u00e7\u00e3o, A\u00e7ores\",\"description\":\"\",\"publisher\":{\"@id\":\"https:\/\/silmonde.pt\/#organization\"},\"potentialAction\":[{\"@type\":\"SearchAction\",\"target\":{\"@type\":\"EntryPoint\",\"urlTemplate\":\"https:\/\/silmonde.pt\/?s={search_term_string}\"},\"query-input\":{\"@type\":\"PropertyValueSpecification\",\"valueRequired\":true,\"valueName\":\"search_term_string\"}}],\"inLanguage\":\"fr-FR\"},{\"@type\":\"Organization\",\"@id\":\"https:\/\/silmonde.pt\/#organization\",\"name\":\"Silmonde - S\u00e9rigraphie et publicit\u00e9 \u00e0 Povoa\u00e7\u00e3o, A\u00e7ores\",\"url\":\"https:\/\/silmonde.pt\/\",\"logo\":{\"@type\":\"ImageObject\",\"inLanguage\":\"fr-FR\",\"@id\":\"https:\/\/silmonde.pt\/#\/schema\/logo\/image\/\",\"url\":\"https:\/\/silmonde.pt\/wp-content\/uploads\/2023\/01\/logo-silmonde_1.png\",\"contentUrl\":\"https:\/\/silmonde.pt\/wp-content\/uploads\/2023\/01\/logo-silmonde_1.png\",\"width\":2108,\"height\":1342,\"caption\":\"Silmonde - S\u00e9rigraphie et publicit\u00e9 \u00e0 Povoa\u00e7\u00e3o, A\u00e7ores\"},\"image\":{\"@id\":\"https:\/\/silmonde.pt\/#\/schema\/logo\/image\/\"}}]}<\/script>\n<!-- \/ Yoast SEO plugin. -->","yoast_head_json":{"title":"\u00c9toile de la F\u00eate des M\u00e8res - Silmonde - S\u00e9rigraphie et publicit\u00e9 \u00e0 Povoa\u00e7\u00e3o, A\u00e7ores","robots":{"index":"index","follow":"follow","max-snippet":"max-snippet:-1","max-image-preview":"max-image-preview:large","max-video-preview":"max-video-preview:-1"},"canonical":"https:\/\/silmonde.pt\/fr\/produit\/estrela-dia-da-mae\/","og_locale":"fr_FR","og_type":"article","og_title":"\u00c9toile de la F\u00eate des M\u00e8res - Silmonde - S\u00e9rigraphie et publicit\u00e9 \u00e0 Povoa\u00e7\u00e3o, A\u00e7ores","og_url":"https:\/\/silmonde.pt\/fr\/produit\/estrela-dia-da-mae\/","og_site_name":"Silmonde - S\u00e9rigraphie et publicit\u00e9 \u00e0 Povoa\u00e7\u00e3o, A\u00e7ores","article_modified_time":"2023-05-09T11:28:13+00:00","og_image":[{"width":2560,"height":1707,"url":"https:\/\/silmonde.pt\/wp-content\/uploads\/2023\/04\/Silmonde_Prod-5-scaled.jpg","type":"image\/jpeg"}],"twitter_card":"summary_large_image","schema":{"@context":"https:\/\/schema.org","@graph":[{"@type":"WebPage","@id":"https:\/\/silmonde.pt\/fr\/produit\/estrela-dia-da-mae\/","url":"https:\/\/silmonde.pt\/fr\/produit\/estrela-dia-da-mae\/","name":"\u00c9toile de la F\u00eate des M\u00e8res - Silmonde - S\u00e9rigraphie et publicit\u00e9 \u00e0 Povoa\u00e7\u00e3o, A\u00e7ores","isPartOf":{"@id":"https:\/\/silmonde.pt\/#website"},"primaryImageOfPage":{"@id":"https:\/\/silmonde.pt\/fr\/produit\/estrela-dia-da-mae\/#primaryimage"},"image":{"@id":"https:\/\/silmonde.pt\/fr\/produit\/estrela-dia-da-mae\/#primaryimage"},"thumbnailUrl":"https:\/\/silmonde.pt\/wp-content\/uploads\/2023\/04\/Silmonde_Prod-5-scaled.jpg","datePublished":"2023-04-13T12:01:08+00:00","dateModified":"2023-05-09T11:28:13+00:00","breadcrumb":{"@id":"https:\/\/silmonde.pt\/fr\/produit\/estrela-dia-da-mae\/#breadcrumb"},"inLanguage":"fr-FR","potentialAction":[{"@type":"ReadAction","target":["https:\/\/silmonde.pt\/fr\/produit\/estrela-dia-da-mae\/"]}]},{"@type":"ImageObject","inLanguage":"fr-FR","@id":"https:\/\/silmonde.pt\/fr\/produit\/estrela-dia-da-mae\/#primaryimage","url":"https:\/\/silmonde.pt\/wp-content\/uploads\/2023\/04\/Silmonde_Prod-5-scaled.jpg","contentUrl":"https:\/\/silmonde.pt\/wp-content\/uploads\/2023\/04\/Silmonde_Prod-5-scaled.jpg","width":2560,"height":1707},{"@type":"BreadcrumbList","@id":"https:\/\/silmonde.pt\/fr\/produit\/estrela-dia-da-mae\/#breadcrumb","itemListElement":[{"@type":"ListItem","position":1,"name":"In\u00edcio","item":"https:\/\/silmonde.pt\/fr\/"},{"@type":"ListItem","position":2,"name":"Boutique","item":"https:\/\/silmonde.pt\/fr\/boutique\/"},{"@type":"ListItem","position":3,"name":"\u00c9toile de la F\u00eate des M\u00e8res"}]},{"@type":"WebSite","@id":"https:\/\/silmonde.pt\/#website","url":"https:\/\/silmonde.pt\/","name":"Silmonde - S\u00e9rigraphie et publicit\u00e9 \u00e0 Povoa\u00e7\u00e3o, A\u00e7ores","description":"","publisher":{"@id":"https:\/\/silmonde.pt\/#organization"},"potentialAction":[{"@type":"SearchAction","target":{"@type":"EntryPoint","urlTemplate":"https:\/\/silmonde.pt\/?s={search_term_string}"},"query-input":{"@type":"PropertyValueSpecification","valueRequired":true,"valueName":"search_term_string"}}],"inLanguage":"fr-FR"},{"@type":"Organization","@id":"https:\/\/silmonde.pt\/#organization","name":"Silmonde - S\u00e9rigraphie et publicit\u00e9 \u00e0 Povoa\u00e7\u00e3o, A\u00e7ores","url":"https:\/\/silmonde.pt\/","logo":{"@type":"ImageObject","inLanguage":"fr-FR","@id":"https:\/\/silmonde.pt\/#\/schema\/logo\/image\/","url":"https:\/\/silmonde.pt\/wp-content\/uploads\/2023\/01\/logo-silmonde_1.png","contentUrl":"https:\/\/silmonde.pt\/wp-content\/uploads\/2023\/01\/logo-silmonde_1.png","width":2108,"height":1342,"caption":"Silmonde - S\u00e9rigraphie et publicit\u00e9 \u00e0 Povoa\u00e7\u00e3o, A\u00e7ores"},"image":{"@id":"https:\/\/silmonde.pt\/#\/schema\/logo\/image\/"}}]}},"wcpa_form_fields":null,"_links":{"self":[{"href":"https:\/\/silmonde.pt\/fr\/wp-json\/wp\/v2\/product\/7727","targetHints":{"allow":["GET"]}}],"collection":[{"href":"https:\/\/silmonde.pt\/fr\/wp-json\/wp\/v2\/product"}],"about":[{"href":"https:\/\/silmonde.pt\/fr\/wp-json\/wp\/v2\/types\/product"}],"wp:featuredmedia":[{"embeddable":true,"href":"https:\/\/silmonde.pt\/fr\/wp-json\/wp\/v2\/media\/7480"}],"wp:attachment":[{"href":"https:\/\/silmonde.pt\/fr\/wp-json\/wp\/v2\/media?parent=7727"}],"wp:term":[{"taxonomy":"product_cat","embeddable":true,"href":"https:\/\/silmonde.pt\/fr\/wp-json\/wp\/v2\/product_cat?post=7727"},{"taxonomy":"product_tag","embeddable":true,"href":"https:\/\/silmonde.pt\/fr\/wp-json\/wp\/v2\/product_tag?post=7727"}],"curies":[{"name":"wp","href":"https:\/\/api.w.org\/{rel}","templated":true}]}}